{"id":17,"date":"2018-01-15T11:45:04","date_gmt":"2018-01-15T10:45:04","guid":{"rendered":"http:\/\/brothereagles.be\/?page_id=17"},"modified":"2018-05-04T12:40:13","modified_gmt":"2018-05-04T10:40:13","slug":"a-propos-de","status":"publish","type":"page","link":"https:\/\/www.brothereagles.be\/?page_id=17","title":{"rendered":"Historique et principes"},"content":{"rendered":"<p><u><i><strong>Historique<\/strong><\/i><\/u><\/p>\n<p>En 1994, des amis Harleyistes de la R\u00e9gion de DINANT et de Sambreville d\u00e9cident de faire une randonn\u00e9e vers le Sud de la France.<br \/>\nL&rsquo;exp\u00e9rience est tellement concluante qu&rsquo;ils d\u00e9cident de fonder un club \u00e0 5.<br \/>\nLe Pr\u00e9sident, Phil FRANCOIS, d\u00e9cide de fonder un club o\u00f9 les membres porteront les m\u00eames couleurs et d&rsquo;orienter l&rsquo;ambiance du club vers l&rsquo;esprit fraternel. Pour lui, si un Club doit exister \u00e0 Dinant, celui-ci devra accueillir en son sein des motards dont les liens qui les souderont devront d\u00e9passer l&rsquo;amiti\u00e9 pour tendre vers la fraternit\u00e9. Le principe le plus important du Club \u00e9tait d\u00e9fini:<\/p>\n<p><strong><i>\u00ab\u00a0Le probl\u00e8me d&rsquo;un des membres du Club devient le probl\u00e8me de tous les autres\u00a0\u00bb.<\/i><\/strong><\/p>\n<p>Pour d\u00e9finir cette volont\u00e9 de fraternit\u00e9, le nom de Brother Eagles fut adopt\u00e9 en D\u00e9cembre 1994. A la suite de la r\u00e9union de D\u00e9cembre 94, une r\u00e9union officielle r\u00e9unit 21 harleyistes. Au cours de cette r\u00e9union, les bases du Club \u00e9taient jet\u00e9es, le Brother Eagles Club \u00e9tait n\u00e9.<\/p>\n<p>Etant donn\u00e9 que tous les nouveaux brothers \u00e9taient issus, non pas uniquement de Dinant, mais de diff\u00e9rentes r\u00e9gions de Belgique, il a \u00e9t\u00e9 d\u00e9cid\u00e9 de regrouper ceux-ci en 5 sections et que tous porteraient ind\u00e9pendamment de leur lieu d\u2019origine les couleurs \u00ab Brother Eagles \u00bb de Dinant.<\/p>\n<p>Au d\u00e9part, lors de la r\u00e9union organis\u00e9e d\u00e9but 95, Phil annon\u00e7a son intention de fonder le Club des Brother Eagles et que chaque membre reconnu se devait de porter au dos des couleurs d\u00e9finies comme suit :<\/p>\n<p><i><strong>Une premi\u00e8re pi\u00e8ce avec le nom Brother Eagles.<\/strong><\/i><br \/>\nCe nom se veut de d\u00e9finir l&rsquo;ambiance fraternelle qui soude les membres du Club. Le probl\u00e8me d&rsquo;un membre du Club devient le probl\u00e8me de tous les les membres du Club qui s&rsquo;unissent pour opposer les solutions \u00e0 ce probl\u00e8me.<\/p>\n<p><i><strong>Une deuxi\u00e8me pi\u00e8ce pr\u00e9sente deux t\u00eates d&rsquo;aigles qui ne se font pas face\u00a0<\/strong><\/i>, mais qui sont orient\u00e9es ensemble vers la m\u00eame direction comme pour d\u00e9fendre le blason qui les s\u00e9pare, blason aux couleurs de la ville de Dinant.<\/p>\n<p><i><strong>Pour la troisi\u00e8me pi\u00e8ce, le nom de la ville de Dinant<\/strong><\/i>. A noter que tous les membres qu&rsquo;ils soient originaires de Namur, Bruxelles ou Anvers, portent le nom de la ville de Dinant qui reste le berceau du Club.<\/p>\n<p>Cette clause a \u00e9t\u00e9 adopt\u00e9e imm\u00e9diatement lors de la fondation du Club.<\/p>\n<p>A noter que tous les membres sont des hommes.<\/p>\n<p>En 1995,lorsque les premiers Brother Eagles ont commenc\u00e9 \u00e0 s&rsquo;organiser en tant que Club, il a \u00e9t\u00e9 d\u00e9cid\u00e9 que d&rsquo;autres harleyistes pourraient les rejoindre au sein du Club et en porter les couleurs, \u00e0 condition:<\/p>\n<p>De participer aux activit\u00e9s du Club durant un an en portant les couleurs de prospects, c&rsquo;est-\u00e0-dire en portant la 1\u00e8re et la 3i\u00e8me pi\u00e8ce sans porter la pi\u00e8ce centrale.<\/p>\n<p>Pour pouvoir porter les insignes de prospect, il faut l&rsquo;accord de 2 parrains full colors du Club qui pr\u00e9sentent leur candidat au Pr\u00e9sident.Ce dernier autorise le prospect \u00e0 poser sa candidature de full colors. En cas de refus, le Pr\u00e9sident notifie les raisons de l&rsquo;opposition aux deux parrains.<\/p>\n<p>De se conduire selon le code et r\u00e8gles d\u00e9finies par les statuts du Club.<\/p>\n<p>D&rsquo;avoir le consentement de tous les full colors du Club, le refus de deux membres \u00e9tant une cause d&rsquo;exclusion du Club. Si un seul membre s&rsquo;oppose \u00e0 l&rsquo;entr\u00e9e d&rsquo;un prospect comme membre, il est entendu lors de la r\u00e9union des full colors qui d\u00e9lib\u00e8rent \u00e0 la majorit\u00e9 de l&rsquo;entr\u00e9e ou de l&rsquo;exclusion du prospect.<\/p>\n<p>Les Brother Eagles sont organis\u00e9s en association sans but lucratif et le Club dispose de son propre avocat.<\/p>\n<p><u><i><strong>Nos principes:<\/strong><\/i><\/u><\/p>\n<p>Le Brother Eagles Club se constitue en ASBL avec pour objet:<\/p>\n<p>De souder dans un esprit fraternel, tous les membres du Club. Ceux-ci sont totalement li\u00e9s entre eux par un esprit solidaire, d\u00e9termin\u00e9s \u00e0 la franchise dans leurs rapports et emplis de cet esprit d&rsquo;\u00e9quipe, d&rsquo;entraide et d&rsquo;amiti\u00e9 qui les caract\u00e9risent.<\/p>\n<p>De permettre \u00e0 ses membres de se r\u00e9unir et de se retrouver entre passionn\u00e9s de motos Harley-Davidson lors d&rsquo;activit\u00e9s diverses (Organisation de soir\u00e9es HD, balades \u00e0 l&rsquo;\u00e9tranger, repas, bals, etc&#8230;) dans une ambiance fraternelle.<\/p>\n<p>De fournir \u00e0 ses membres des occasions de servir l&rsquo;int\u00e9r\u00eat g\u00e9n\u00e9ral et d&rsquo;aider, selon les disponibilit\u00e9s du Club, des organismes responsables d&rsquo;enfants d\u00e9favoris\u00e9s ou autres organisations caricatives, ceci selon un planning qui sera d\u00e9termin\u00e9 lors des r\u00e9unions du Club.<\/p>\n<p>L&rsquo; ASBL Brother Eagles n&rsquo; est \u00ab\u00a0Support\u00a0\u00bb d&rsquo;aucun club et ne revendique aucun territoire.<\/p>\n<p>Le nom du lieu pr\u00e9sent sur nos couleurs indique uniquement la situation g\u00e9ographique de la section.<\/p>\n<p>&nbsp;<\/p>\n","protected":false},"excerpt":{"rendered":"<p>Historique En 1994, des amis Harleyistes de la R\u00e9gion de DINANT et de Sambreville d\u00e9cident de faire une randonn\u00e9e vers le Sud de la France. L&rsquo;exp\u00e9rience est tellement concluante qu&rsquo;ils d\u00e9cident de fonder un club \u00e0 5. Le Pr\u00e9sident, Phil FRANCOIS, d\u00e9cide de fonder un club o\u00f9 les membres porteront les m\u00eames couleurs et d&rsquo;orienter &hellip; <\/p>\n<p class=\"link-more\"><a href=\"https:\/\/www.brothereagles.be\/?page_id=17\" class=\"more-link\">Continuer la lecture<span class=\"screen-reader-text\"> de &laquo;&nbsp;Historique et principes&nbsp;&raquo;<\/span><\/a><\/p>\n","protected":false},"author":1,"featured_media":0,"parent":0,"menu_order":0,"comment_status":"closed","ping_status":"closed","template":"","meta":{"jetpack_post_was_ever_published":false,"footnotes":""},"class_list":["post-17","page","type-page","status-publish","hentry"],"yoast_head":"<!-- This site is optimized with the Yoast SEO plugin v24.3 - https:\/\/yoast.com\/wordpress\/plugins\/seo\/ -->\n<title>Historique et principes - Brother Eagles Dinant<\/title>\n<meta name=\"robots\" content=\"index, follow, max-snippet:-1, max-image-preview:large, max-video-preview:-1\" \/>\n<link rel=\"canonical\" href=\"https:\/\/www.brothereagles.be\/?page_id=17\" \/>\n<meta property=\"og:locale\" content=\"fr_FR\" \/>\n<meta property=\"og:type\" content=\"article\" \/>\n<meta property=\"og:title\" content=\"Historique et principes - Brother Eagles Dinant\" \/>\n<meta property=\"og:description\" content=\"Historique En 1994, des amis Harleyistes de la R\u00e9gion de DINANT et de Sambreville d\u00e9cident de faire une randonn\u00e9e vers le Sud de la France. L&rsquo;exp\u00e9rience est tellement concluante qu&rsquo;ils d\u00e9cident de fonder un club \u00e0 5. Le Pr\u00e9sident, Phil FRANCOIS, d\u00e9cide de fonder un club o\u00f9 les membres porteront les m\u00eames couleurs et d&rsquo;orienter &hellip; Continuer la lecture de &laquo;&nbsp;Historique et principes&nbsp;&raquo;\" \/>\n<meta property=\"og:url\" content=\"https:\/\/www.brothereagles.be\/?page_id=17\" \/>\n<meta property=\"og:site_name\" content=\"Brother Eagles Dinant\" \/>\n<meta property=\"article:publisher\" content=\"https:\/\/www.facebook.com\/groups\/44068825212\/\" \/>\n<meta property=\"article:modified_time\" content=\"2018-05-04T10:40:13+00:00\" \/>\n<meta name=\"twitter:card\" content=\"summary_large_image\" \/>\n<meta name=\"twitter:label1\" content=\"Dur\u00e9e de lecture estim\u00e9e\" \/>\n\t<meta name=\"twitter:data1\" content=\"4 minutes\" \/>\n<script type=\"application\/ld+json\" class=\"yoast-schema-graph\">{\"@context\":\"https:\/\/schema.org\",\"@graph\":[{\"@type\":\"WebPage\",\"@id\":\"https:\/\/www.brothereagles.be\/?page_id=17\",\"url\":\"https:\/\/www.brothereagles.be\/?page_id=17\",\"name\":\"Historique et principes - Brother Eagles Dinant\",\"isPartOf\":{\"@id\":\"https:\/\/www.brothereagles.be\/#website\"},\"datePublished\":\"2018-01-15T10:45:04+00:00\",\"dateModified\":\"2018-05-04T10:40:13+00:00\",\"breadcrumb\":{\"@id\":\"https:\/\/www.brothereagles.be\/?page_id=17#breadcrumb\"},\"inLanguage\":\"fr-FR\",\"potentialAction\":[{\"@type\":\"ReadAction\",\"target\":[\"https:\/\/www.brothereagles.be\/?page_id=17\"]}]},{\"@type\":\"BreadcrumbList\",\"@id\":\"https:\/\/www.brothereagles.be\/?page_id=17#breadcrumb\",\"itemListElement\":[{\"@type\":\"ListItem\",\"position\":1,\"name\":\"Accueil\",\"item\":\"https:\/\/www.brothereagles.be\/\"},{\"@type\":\"ListItem\",\"position\":2,\"name\":\"Historique et principes\"}]},{\"@type\":\"WebSite\",\"@id\":\"https:\/\/www.brothereagles.be\/#website\",\"url\":\"https:\/\/www.brothereagles.be\/\",\"name\":\"Brother Eagles Dinant\",\"description\":\"Sois Digne\",\"publisher\":{\"@id\":\"https:\/\/www.brothereagles.be\/#organization\"},\"potentialAction\":[{\"@type\":\"SearchAction\",\"target\":{\"@type\":\"EntryPoint\",\"urlTemplate\":\"https:\/\/www.brothereagles.be\/?s={search_term_string}\"},\"query-input\":{\"@type\":\"PropertyValueSpecification\",\"valueRequired\":true,\"valueName\":\"search_term_string\"}}],\"inLanguage\":\"fr-FR\"},{\"@type\":\"Organization\",\"@id\":\"https:\/\/www.brothereagles.be\/#organization\",\"name\":\"Brother Eagles Dinant\",\"url\":\"https:\/\/www.brothereagles.be\/\",\"logo\":{\"@type\":\"ImageObject\",\"inLanguage\":\"fr-FR\",\"@id\":\"https:\/\/www.brothereagles.be\/#\/schema\/logo\/image\/\",\"url\":\"http:\/\/www.brothereagles.be\/wp-content\/uploads\/2018\/01\/sigle-brother-1024x965.jpg\",\"contentUrl\":\"http:\/\/www.brothereagles.be\/wp-content\/uploads\/2018\/01\/sigle-brother-1024x965.jpg\",\"width\":1024,\"height\":965,\"caption\":\"Brother Eagles Dinant\"},\"image\":{\"@id\":\"https:\/\/www.brothereagles.be\/#\/schema\/logo\/image\/\"},\"sameAs\":[\"https:\/\/www.facebook.com\/groups\/44068825212\/\"]}]}<\/script>\n<!-- \/ Yoast SEO plugin. -->","yoast_head_json":{"title":"Historique et principes - Brother Eagles Dinant","robots":{"index":"index","follow":"follow","max-snippet":"max-snippet:-1","max-image-preview":"max-image-preview:large","max-video-preview":"max-video-preview:-1"},"canonical":"https:\/\/www.brothereagles.be\/?page_id=17","og_locale":"fr_FR","og_type":"article","og_title":"Historique et principes - Brother Eagles Dinant","og_description":"Historique En 1994, des amis Harleyistes de la R\u00e9gion de DINANT et de Sambreville d\u00e9cident de faire une randonn\u00e9e vers le Sud de la France. L&rsquo;exp\u00e9rience est tellement concluante qu&rsquo;ils d\u00e9cident de fonder un club \u00e0 5. Le Pr\u00e9sident, Phil FRANCOIS, d\u00e9cide de fonder un club o\u00f9 les membres porteront les m\u00eames couleurs et d&rsquo;orienter &hellip; Continuer la lecture de &laquo;&nbsp;Historique et principes&nbsp;&raquo;","og_url":"https:\/\/www.brothereagles.be\/?page_id=17","og_site_name":"Brother Eagles Dinant","article_publisher":"https:\/\/www.facebook.com\/groups\/44068825212\/","article_modified_time":"2018-05-04T10:40:13+00:00","twitter_card":"summary_large_image","twitter_misc":{"Dur\u00e9e de lecture estim\u00e9e":"4 minutes"},"schema":{"@context":"https:\/\/schema.org","@graph":[{"@type":"WebPage","@id":"https:\/\/www.brothereagles.be\/?page_id=17","url":"https:\/\/www.brothereagles.be\/?page_id=17","name":"Historique et principes - Brother Eagles Dinant","isPartOf":{"@id":"https:\/\/www.brothereagles.be\/#website"},"datePublished":"2018-01-15T10:45:04+00:00","dateModified":"2018-05-04T10:40:13+00:00","breadcrumb":{"@id":"https:\/\/www.brothereagles.be\/?page_id=17#breadcrumb"},"inLanguage":"fr-FR","potentialAction":[{"@type":"ReadAction","target":["https:\/\/www.brothereagles.be\/?page_id=17"]}]},{"@type":"BreadcrumbList","@id":"https:\/\/www.brothereagles.be\/?page_id=17#breadcrumb","itemListElement":[{"@type":"ListItem","position":1,"name":"Accueil","item":"https:\/\/www.brothereagles.be\/"},{"@type":"ListItem","position":2,"name":"Historique et principes"}]},{"@type":"WebSite","@id":"https:\/\/www.brothereagles.be\/#website","url":"https:\/\/www.brothereagles.be\/","name":"Brother Eagles Dinant","description":"Sois Digne","publisher":{"@id":"https:\/\/www.brothereagles.be\/#organization"},"potentialAction":[{"@type":"SearchAction","target":{"@type":"EntryPoint","urlTemplate":"https:\/\/www.brothereagles.be\/?s={search_term_string}"},"query-input":{"@type":"PropertyValueSpecification","valueRequired":true,"valueName":"search_term_string"}}],"inLanguage":"fr-FR"},{"@type":"Organization","@id":"https:\/\/www.brothereagles.be\/#organization","name":"Brother Eagles Dinant","url":"https:\/\/www.brothereagles.be\/","logo":{"@type":"ImageObject","inLanguage":"fr-FR","@id":"https:\/\/www.brothereagles.be\/#\/schema\/logo\/image\/","url":"http:\/\/www.brothereagles.be\/wp-content\/uploads\/2018\/01\/sigle-brother-1024x965.jpg","contentUrl":"http:\/\/www.brothereagles.be\/wp-content\/uploads\/2018\/01\/sigle-brother-1024x965.jpg","width":1024,"height":965,"caption":"Brother Eagles Dinant"},"image":{"@id":"https:\/\/www.brothereagles.be\/#\/schema\/logo\/image\/"},"sameAs":["https:\/\/www.facebook.com\/groups\/44068825212\/"]}]}},"jetpack_sharing_enabled":true,"jetpack_shortlink":"https:\/\/wp.me\/P9BA5w-h","_links":{"self":[{"href":"https:\/\/www.brothereagles.be\/index.php?rest_route=\/wp\/v2\/pages\/17","targetHints":{"allow":["GET"]}}],"collection":[{"href":"https:\/\/www.brothereagles.be\/index.php?rest_route=\/wp\/v2\/pages"}],"about":[{"href":"https:\/\/www.brothereagles.be\/index.php?rest_route=\/wp\/v2\/types\/page"}],"author":[{"embeddable":true,"href":"https:\/\/www.brothereagles.be\/index.php?rest_route=\/wp\/v2\/users\/1"}],"replies":[{"embeddable":true,"href":"https:\/\/www.brothereagles.be\/index.php?rest_route=%2Fwp%2Fv2%2Fcomments&post=17"}],"version-history":[{"count":5,"href":"https:\/\/www.brothereagles.be\/index.php?rest_route=\/wp\/v2\/pages\/17\/revisions"}],"predecessor-version":[{"id":150,"href":"https:\/\/www.brothereagles.be\/index.php?rest_route=\/wp\/v2\/pages\/17\/revisions\/150"}],"wp:attachment":[{"href":"https:\/\/www.brothereagles.be\/index.php?rest_route=%2Fwp%2Fv2%2Fmedia&parent=17"}],"curies":[{"name":"wp","href":"https:\/\/api.w.org\/{rel}","templated":true}]}}